{"id":7960,"date":"2025-06-26T16:44:12","date_gmt":"2025-06-26T22:44:12","guid":{"rendered":"https:\/\/omalimedicaldistributor.com\/?page_id=7960"},"modified":"2025-07-09T19:34:32","modified_gmt":"2025-07-10T01:34:32","slug":"preguntas","status":"publish","type":"page","link":"https:\/\/omalimedicaldistributor.com\/?page_id=7960","title":{"rendered":"Preguntas"},"content":{"rendered":"\t\t<div data-elementor-type=\"wp-page\" data-elementor-id=\"7960\" class=\"elementor elementor-7960\" data-elementor-post-type=\"page\">\n\t\t\t\t<div class=\"elementor-element elementor-element-afbc5cc e-flex e-con-boxed e-con e-parent\" data-id=\"afbc5cc\" data-element_type=\"container\">\n\t\t\t\t\t<div class=\"e-con-inner\">\n\t\t\t\t\t<\/div>\n\t\t\t\t<\/div>\n\t\t<div class=\"elementor-element elementor-element-a4fde35 e-flex e-con-boxed e-con e-parent\" data-id=\"a4fde35\" data-element_type=\"container\">\n\t\t\t\t\t<div class=\"e-con-inner\">\n\t\t\t\t<div class=\"elementor-element elementor-element-f61b249 elementor-widget elementor-widget-heading\" data-id=\"f61b249\" data-element_type=\"widget\" data-widget_type=\"heading.default\">\n\t\t\t\t<div class=\"elementor-widget-container\">\n\t\t\t\t\t<h2 class=\"elementor-heading-title elementor-size-default\">Preguntas frecuentes<\/h2>\t\t\t\t<\/div>\n\t\t\t\t<\/div>\n\t\t\t\t<div class=\"elementor-element elementor-element-9f2bba7 elementor-widget elementor-widget-text-editor\" data-id=\"9f2bba7\" data-element_type=\"widget\" data-widget_type=\"text-editor.default\">\n\t\t\t\t<div class=\"elementor-widget-container\">\n\t\t\t\t\t\t\t\t\t<p><span style=\"font-weight: 400;\">\u00a1Realiza pedidos por la p\u00e1gina web o por contact center 24hrs los 365 d\u00edas del a\u00f1o!<\/span><\/p><p><span style=\"font-weight: 400;\">Si realizas tus pedidos fuera del horario de entrega podr\u00e1s programar a trav\u00e9s de nuestro Contact Center<\/span><\/p><p><span style=\"font-weight: 400;\">Horario de atenci\u00f3n<\/span><\/p><p><span style=\"font-weight: 400;\">Contact Center 24hrs<\/span><\/p><p><span style=\"font-weight: 400;\">Horarios de entrega a domicilio, con presencia 7:00 a.m. a 6:00 p.m.<\/span><\/p><p><span style=\"font-weight: 400;\">Smart &amp; Collect 24hrs<\/span><\/p>\t\t\t\t\t\t\t\t<\/div>\n\t\t\t\t<\/div>\n\t\t\t\t\t<\/div>\n\t\t\t\t<\/div>\n\t\t\t\t<\/div>\n\t\t","protected":false},"excerpt":{"rendered":"<p>Preguntas frecuentes \u00a1Realiza pedidos por la p\u00e1gina web o por contact center 24hrs los 365 d\u00edas del a\u00f1o! Si realizas tus pedidos fuera del horario de entrega podr\u00e1s programar a trav\u00e9s de nuestro Contact Center Horario de atenci\u00f3n Contact Center 24hrs Horarios de entrega a domicilio, con presencia 7:00 a.m. a 6:00 p.m. Smart &amp; [&hellip;]<\/p>\n","protected":false},"author":1,"featured_media":0,"parent":0,"menu_order":0,"comment_status":"closed","ping_status":"closed","template":"elementor_header_footer","meta":{"footnotes":""},"class_list":["post-7960","page","type-page","status-publish","hentry"],"_links":{"self":[{"href":"https:\/\/omalimedicaldistributor.com\/index.php?rest_route=\/wp\/v2\/pages\/7960","targetHints":{"allow":["GET"]}}],"collection":[{"href":"https:\/\/omalimedicaldistributor.com\/index.php?rest_route=\/wp\/v2\/pages"}],"about":[{"href":"https:\/\/omalimedicaldistributor.com\/index.php?rest_route=\/wp\/v2\/types\/page"}],"author":[{"embeddable":true,"href":"https:\/\/omalimedicaldistributor.com\/index.php?rest_route=\/wp\/v2\/users\/1"}],"replies":[{"embeddable":true,"href":"https:\/\/omalimedicaldistributor.com\/index.php?rest_route=%2Fwp%2Fv2%2Fcomments&post=7960"}],"version-history":[{"count":4,"href":"https:\/\/omalimedicaldistributor.com\/index.php?rest_route=\/wp\/v2\/pages\/7960\/revisions"}],"predecessor-version":[{"id":8068,"href":"https:\/\/omalimedicaldistributor.com\/index.php?rest_route=\/wp\/v2\/pages\/7960\/revisions\/8068"}],"wp:attachment":[{"href":"https:\/\/omalimedicaldistributor.com\/index.php?rest_route=%2Fwp%2Fv2%2Fmedia&parent=7960"}],"curies":[{"name":"wp","href":"https:\/\/api.w.org\/{rel}","templated":true}]}}