{"id":7950,"date":"2025-06-26T16:42:26","date_gmt":"2025-06-26T22:42:26","guid":{"rendered":"https:\/\/omalimedicaldistributor.com\/?page_id=7950"},"modified":"2025-07-08T19:34:48","modified_gmt":"2025-07-09T01:34:48","slug":"nosotros","status":"publish","type":"page","link":"https:\/\/omalimedicaldistributor.com\/?page_id=7950","title":{"rendered":"Nosotros"},"content":{"rendered":"\t\t<div data-elementor-type=\"wp-page\" data-elementor-id=\"7950\" class=\"elementor elementor-7950\" data-elementor-post-type=\"page\">\n\t\t\t\t<div class=\"elementor-element elementor-element-82fd253 e-con-full e-flex e-con e-parent\" data-id=\"82fd253\" data-element_type=\"container\">\n\t\t\t\t<div class=\"elementor-element elementor-element-4dc29b2 elementor-widget elementor-widget-heading\" data-id=\"4dc29b2\" data-element_type=\"widget\" data-widget_type=\"heading.default\">\n\t\t\t\t<div class=\"elementor-widget-container\">\n\t\t\t\t\t<h2 class=\"elementor-heading-title elementor-size-default\">Nosotros<\/h2>\t\t\t\t<\/div>\n\t\t\t\t<\/div>\n\t\t\t\t<div class=\"elementor-element elementor-element-ef445a1 elementor-widget-divider--separator-type-pattern elementor-widget-divider--view-line elementor-widget elementor-widget-divider\" data-id=\"ef445a1\" data-element_type=\"widget\" data-widget_type=\"divider.default\">\n\t\t\t\t<div class=\"elementor-widget-container\">\n\t\t\t\t\t\t\t<div class=\"elementor-divider\" style=\"--divider-pattern-url: url(&quot;data:image\/svg+xml,%3Csvg xmlns=&#039;http:\/\/www.w3.org\/2000\/svg&#039; preserveAspectRatio=&#039;none&#039; overflow=&#039;visible&#039; height=&#039;100%&#039; viewBox=&#039;0 0 20 16&#039; fill=&#039;none&#039; stroke=&#039;black&#039; stroke-width=&#039;1&#039; stroke-linecap=&#039;square&#039; stroke-miterlimit=&#039;10&#039;%3E%3Cg transform=&#039;translate(-12.000000, 0)&#039;%3E%3Cpath d=&#039;M28,0L10,18&#039;\/%3E%3Cpath d=&#039;M18,0L0,18&#039;\/%3E%3Cpath d=&#039;M48,0L30,18&#039;\/%3E%3Cpath d=&#039;M38,0L20,18&#039;\/%3E%3C\/g%3E%3C\/svg%3E&quot;);\">\n\t\t\t<span class=\"elementor-divider-separator\">\n\t\t\t\t\t\t<\/span>\n\t\t<\/div>\n\t\t\t\t\t\t<\/div>\n\t\t\t\t<\/div>\n\t\t\t\t<\/div>\n\t\t<div class=\"elementor-element elementor-element-31cfa02 e-flex e-con-boxed e-con e-parent\" data-id=\"31cfa02\" data-element_type=\"container\">\n\t\t\t\t\t<div class=\"e-con-inner\">\n\t\t\t\t<div class=\"elementor-element elementor-element-4faef4a elementor-widget elementor-widget-heading\" data-id=\"4faef4a\" data-element_type=\"widget\" data-widget_type=\"heading.default\">\n\t\t\t\t<div class=\"elementor-widget-container\">\n\t\t\t\t\t<h2 class=\"elementor-heading-title elementor-size-default\">OMALI MEDICAL DISTRIBUTOR<\/h2>\t\t\t\t<\/div>\n\t\t\t\t<\/div>\n\t\t\t\t\t<\/div>\n\t\t\t\t<\/div>\n\t\t<div class=\"elementor-element elementor-element-772e1e8 e-flex e-con-boxed e-con e-parent\" data-id=\"772e1e8\" data-element_type=\"container\">\n\t\t\t\t\t<div class=\"e-con-inner\">\n\t\t\t\t<div class=\"elementor-element elementor-element-0a2067e elementor-widget elementor-widget-text-editor\" data-id=\"0a2067e\" data-element_type=\"widget\" data-widget_type=\"text-editor.default\">\n\t\t\t\t<div class=\"elementor-widget-container\">\n\t\t\t\t\t\t\t\t\t<p>Nuestra empresa hermana que nace en febrero de 2011, teniendo como actividad principal la distribuci\u00f3n de<br \/>Medicamentos, Material de Curaci\u00f3n, Equipo M\u00e9dico, Mobiliario e Instrumental.<\/p>\t\t\t\t\t\t\t\t<\/div>\n\t\t\t\t<\/div>\n\t\t\t\t\t<\/div>\n\t\t\t\t<\/div>\n\t\t<div class=\"elementor-element elementor-element-bdf01b3 e-flex e-con-boxed e-con e-parent\" data-id=\"bdf01b3\" data-element_type=\"container\">\n\t\t\t\t\t<div class=\"e-con-inner\">\n\t\t\t\t<div class=\"elementor-element elementor-element-b76f9c6 elementor-widget elementor-widget-heading\" data-id=\"b76f9c6\" data-element_type=\"widget\" data-widget_type=\"heading.default\">\n\t\t\t\t<div class=\"elementor-widget-container\">\n\t\t\t\t\t<h2 class=\"elementor-heading-title elementor-size-default\">MISI\u00d3N <\/h2>\t\t\t\t<\/div>\n\t\t\t\t<\/div>\n\t\t\t\t\t<\/div>\n\t\t\t\t<\/div>\n\t\t<div class=\"elementor-element elementor-element-8bd42df e-flex e-con-boxed e-con e-parent\" data-id=\"8bd42df\" data-element_type=\"container\">\n\t\t\t\t\t<div class=\"e-con-inner\">\n\t\t\t\t<div class=\"elementor-element elementor-element-4ee2a64 elementor-widget elementor-widget-text-editor\" data-id=\"4ee2a64\" data-element_type=\"widget\" data-widget_type=\"text-editor.default\">\n\t\t\t\t<div class=\"elementor-widget-container\">\n\t\t\t\t\t\t\t\t\t<p>Coadyuvar en la lucha contra el dolor y sufrimiento humano. Somos parte de una larga y ancestral tradici\u00f3n<br \/>del cuidado de la especie en todas sus diferentes formas y adapt\u00e1ndonos a las necesidades de los tiempos.<br \/>Formando asi una pieza fundamental en la cadena de profesionales dedicados al cuidado de la salud que<br \/>como meta tiene la extensi\u00f3n y calidad de vida.<\/p><p><br \/>Facilitando la adquisici\u00f3n al profesional de la salud del material que requiere, ofreciendo la mejor calidad y<br \/>contribuyendo as\u00ed a la excelente atenci\u00f3n de sus pacientes, optimizando su valioso tiempo. Proporcionando<br \/>siempre un servicio de forma eficiente en la entrega de productos directamente a las Cl\u00ednicas, Farmacias,<br \/>Hospitales y Consultorios.<\/p>\t\t\t\t\t\t\t\t<\/div>\n\t\t\t\t<\/div>\n\t\t\t\t\t<\/div>\n\t\t\t\t<\/div>\n\t\t<div class=\"elementor-element elementor-element-81b1a49 e-flex e-con-boxed e-con e-parent\" data-id=\"81b1a49\" data-element_type=\"container\">\n\t\t\t\t\t<div class=\"e-con-inner\">\n\t\t\t\t<div class=\"elementor-element elementor-element-d26507a elementor-widget elementor-widget-heading\" data-id=\"d26507a\" data-element_type=\"widget\" data-widget_type=\"heading.default\">\n\t\t\t\t<div class=\"elementor-widget-container\">\n\t\t\t\t\t<h2 class=\"elementor-heading-title elementor-size-default\">VISI\u00d3N<\/h2>\t\t\t\t<\/div>\n\t\t\t\t<\/div>\n\t\t\t\t\t<\/div>\n\t\t\t\t<\/div>\n\t\t<div class=\"elementor-element elementor-element-7de6561 e-flex e-con-boxed e-con e-parent\" data-id=\"7de6561\" data-element_type=\"container\">\n\t\t\t\t\t<div class=\"e-con-inner\">\n\t\t\t\t<div class=\"elementor-element elementor-element-19bb783 elementor-widget elementor-widget-text-editor\" data-id=\"19bb783\" data-element_type=\"widget\" data-widget_type=\"text-editor.default\">\n\t\t\t\t<div class=\"elementor-widget-container\">\n\t\t\t\t\t\t\t\t\t<p>Llegar a ser el proveedor n\u00famero uno a nivel zona centro y occidente del pa\u00eds en la venta de productos m\u00e9dicos, en donde la salud ya no sea un lujo si no un derecho humano en \u201cFaktum\u201d y mucho m\u00e1s all\u00e1 de un slogan publicitario.<\/p><p><br \/>Proporcionando excelencia en sistemas de atenci\u00f3n profesional, teniendo como meta principal la calidad en<br \/>el servicio; tanto como para hospitales y cl\u00ednicas del sector p\u00fablico y\/o privado. Para lograr estos fines, se han realizado alianzas con empresas fabricantes, importadores de diversos equipos para las especialidades m\u00e9dicas y logrando con ellas la capacitaci\u00f3n necesaria para la comercializaci\u00f3n.<\/p>\t\t\t\t\t\t\t\t<\/div>\n\t\t\t\t<\/div>\n\t\t\t\t\t<\/div>\n\t\t\t\t<\/div>\n\t\t<div class=\"elementor-element elementor-element-a042a9f e-flex e-con-boxed e-con e-parent\" data-id=\"a042a9f\" data-element_type=\"container\">\n\t\t\t\t\t<div class=\"e-con-inner\">\n\t\t\t\t<div class=\"elementor-element elementor-element-db007e7 elementor-widget elementor-widget-heading\" data-id=\"db007e7\" data-element_type=\"widget\" data-widget_type=\"heading.default\">\n\t\t\t\t<div class=\"elementor-widget-container\">\n\t\t\t\t\t<h2 class=\"elementor-heading-title elementor-size-default\">VALORES<\/h2>\t\t\t\t<\/div>\n\t\t\t\t<\/div>\n\t\t\t\t\t<\/div>\n\t\t\t\t<\/div>\n\t\t<div class=\"elementor-element elementor-element-3a73514 e-flex e-con-boxed e-con e-parent\" data-id=\"3a73514\" data-element_type=\"container\">\n\t\t\t\t\t<div class=\"e-con-inner\">\n\t\t\t\t<div class=\"elementor-element elementor-element-6ebe8d9 elementor-widget elementor-widget-text-editor\" data-id=\"6ebe8d9\" data-element_type=\"widget\" data-widget_type=\"text-editor.default\">\n\t\t\t\t<div class=\"elementor-widget-container\">\n\t\t\t\t\t\t\t\t\t<p>Nuestros valores corporativos son claramente definidos, estructurados, comunicados e inamovibles. Son<br \/>tanto familiares como f\u00e1cilmente reconocibles, en nuestro comp\u00e1s usted encontrar\u00e1:<\/p><p>Honestidad, Responsabilidad, Compromiso, Integridad, Respeto, Innovaci\u00f3n, Excelencia, Calidad, Competitividad, Lealtad, Pasi\u00f3n, \u00c9tica, Productividad, Trabajo en equipo, Seguridad, Disciplina, Responsabilidad social y corporativa, siempre con la calidez humana que nos caracteriza.<\/p>\t\t\t\t\t\t\t\t<\/div>\n\t\t\t\t<\/div>\n\t\t\t\t\t<\/div>\n\t\t\t\t<\/div>\n\t\t<div class=\"elementor-element elementor-element-957a9b7 e-flex e-con-boxed e-con e-parent\" data-id=\"957a9b7\" data-element_type=\"container\">\n\t\t\t\t\t<div class=\"e-con-inner\">\n\t\t\t\t<div class=\"elementor-element elementor-element-78aae94 elementor-widget elementor-widget-heading\" data-id=\"78aae94\" data-element_type=\"widget\" data-widget_type=\"heading.default\">\n\t\t\t\t<div class=\"elementor-widget-container\">\n\t\t\t\t\t<h2 class=\"elementor-heading-title elementor-size-default\">QUIENES SOMOS<\/h2>\t\t\t\t<\/div>\n\t\t\t\t<\/div>\n\t\t\t\t\t<\/div>\n\t\t\t\t<\/div>\n\t\t<div class=\"elementor-element elementor-element-4098318 e-flex e-con-boxed e-con e-parent\" data-id=\"4098318\" data-element_type=\"container\">\n\t\t\t\t\t<div class=\"e-con-inner\">\n\t\t\t\t<div class=\"elementor-element elementor-element-2df1a40 elementor-widget elementor-widget-text-editor\" data-id=\"2df1a40\" data-element_type=\"widget\" data-widget_type=\"text-editor.default\">\n\t\t\t\t<div class=\"elementor-widget-container\">\n\t\t\t\t\t\t\t\t\t<p>Somos una familia corporativa con fuertes y s\u00f3lidos valores que resultan fundamentales para crear y fomentar de forma REAL el bienestar \u00f3 concepto de riqueza, sustentable, residual, multigeneracional con un sentido de pertenencia y prop\u00f3sito entre nuestros agentes y comunidad.<br \/>Creando un ambiente de trabajo cohesivo con objetivos nobles en donde todos estamos alineados y comprometidos con una finalidad com\u00fan ya que el amor entre nosotros y por la humanidad nos une. Nuestra compa\u00f1\u00eda no tiene empleados, pero s\u00ed socios comerciales.<br \/>Ellos son los que hacen posible y fortalecen con eficacia que los medicamentos lleguen a los consumidores finales en su comunidad en tiempo y forma\u2026 salvando as\u00ed vidas.<\/p>\t\t\t\t\t\t\t\t<\/div>\n\t\t\t\t<\/div>\n\t\t\t\t\t<\/div>\n\t\t\t\t<\/div>\n\t\t\t\t<\/div>\n\t\t","protected":false},"excerpt":{"rendered":"<p>Nosotros OMALI MEDICAL DISTRIBUTOR Nuestra empresa hermana que nace en febrero de 2011, teniendo como actividad principal la distribuci\u00f3n deMedicamentos, Material de Curaci\u00f3n, Equipo M\u00e9dico, Mobiliario e Instrumental. MISI\u00d3N Coadyuvar en la lucha contra el dolor y sufrimiento humano. Somos parte de una larga y ancestral tradici\u00f3ndel cuidado de la especie en todas sus diferentes [&hellip;]<\/p>\n","protected":false},"author":1,"featured_media":0,"parent":0,"menu_order":0,"comment_status":"closed","ping_status":"closed","template":"elementor_header_footer","meta":{"footnotes":""},"class_list":["post-7950","page","type-page","status-publish","hentry"],"_links":{"self":[{"href":"https:\/\/omalimedicaldistributor.com\/index.php?rest_route=\/wp\/v2\/pages\/7950","targetHints":{"allow":["GET"]}}],"collection":[{"href":"https:\/\/omalimedicaldistributor.com\/index.php?rest_route=\/wp\/v2\/pages"}],"about":[{"href":"https:\/\/omalimedicaldistributor.com\/index.php?rest_route=\/wp\/v2\/types\/page"}],"author":[{"embeddable":true,"href":"https:\/\/omalimedicaldistributor.com\/index.php?rest_route=\/wp\/v2\/users\/1"}],"replies":[{"embeddable":true,"href":"https:\/\/omalimedicaldistributor.com\/index.php?rest_route=%2Fwp%2Fv2%2Fcomments&post=7950"}],"version-history":[{"count":25,"href":"https:\/\/omalimedicaldistributor.com\/index.php?rest_route=\/wp\/v2\/pages\/7950\/revisions"}],"predecessor-version":[{"id":8064,"href":"https:\/\/omalimedicaldistributor.com\/index.php?rest_route=\/wp\/v2\/pages\/7950\/revisions\/8064"}],"wp:attachment":[{"href":"https:\/\/omalimedicaldistributor.com\/index.php?rest_route=%2Fwp%2Fv2%2Fmedia&parent=7950"}],"curies":[{"name":"wp","href":"https:\/\/api.w.org\/{rel}","templated":true}]}}