{"id":6969,"date":"2025-06-03T18:10:07","date_gmt":"2025-06-04T00:10:07","guid":{"rendered":"https:\/\/omalimedicaldistributor.com\/?page_id=6969"},"modified":"2025-06-26T17:36:35","modified_gmt":"2025-06-26T23:36:35","slug":"carrito","status":"publish","type":"page","link":"https:\/\/omalimedicaldistributor.com\/?page_id=6969","title":{"rendered":"Carrito"},"content":{"rendered":"\t\t<div data-elementor-type=\"wp-page\" data-elementor-id=\"6969\" class=\"elementor elementor-6969\" data-elementor-post-type=\"page\">\n\t\t\t\t<div class=\"elementor-element elementor-element-4aa0dfa e-flex e-con-boxed e-con e-parent\" data-id=\"4aa0dfa\" data-element_type=\"container\">\n\t\t\t\t\t<div class=\"e-con-inner\">\n\t\t\t\t<div class=\"elementor-element elementor-element-e015e6b e-cart-layout-two-column elementor-widget elementor-widget-woocommerce-cart\" data-id=\"e015e6b\" data-element_type=\"widget\" data-settings=\"{&quot;sticky_right_column&quot;:&quot;yes&quot;,&quot;update_cart_automatically&quot;:&quot;yes&quot;}\" data-widget_type=\"woocommerce-cart.default\">\n\t\t\t\t<div class=\"elementor-widget-container\">\n\t\t\t\t\t<div class=\"woocommerce\"><div class=\"woocommerce-notices-wrapper\"><\/div><div class=\"wc-empty-cart-message\">\n\t<div class=\"cart-empty woocommerce-info\" role=\"status\">\n\t\tTu carrito est\u00e1 vac\u00edo.\t<\/div>\n<\/div>\t<p class=\"return-to-shop\">\n\t\t<a class=\"button wc-backward\" href=\"https:\/\/omalimedicaldistributor.com\">\n\t\t\tVolver a la tienda\t\t<\/a>\n\t<\/p>\n<\/div>\t\t\t\t<\/div>\n\t\t\t\t<\/div>\n\t\t\t\t\t<\/div>\n\t\t\t\t<\/div>\n\t\t\t\t<\/div>\n\t\t","protected":false},"excerpt":{"rendered":"<p>Eliminar art\u00edculo Imagen en miniatura Producto Precio Cantidad Subtotal &times; A.SCOR GTS 30ML &#36;315.00 A.SCOR GTS 30ML cantidad &#36;1,890.00 Total Subtotal &#36;1,890.00 Env\u00edo Flat rate: &#36;100.00 Enviar a Jalisco. Cambiar direcci\u00f3n Country \/ region Selecciona un pa\u00eds\/regi\u00f3n&hellip;M\u00e9xicoEstados Unidos (EEUU) Regi\u00f3n \/ Estado Elige una opci\u00f3n&hellip;Ciudad de M\u00e9xicoJaliscoNuevo Le\u00f3nAguascalientesBaja CaliforniaBaja California SurCampecheChiapasChihuahuaCoahuilaColimaDurangoGuanajuatoGuerreroHidalgoEstado de M\u00e9xicoMichoac\u00e1nMorelosNayaritOaxacaPueblaQuer\u00e9taroQuintana RooSan Luis [&hellip;]<\/p>\n","protected":false},"author":1,"featured_media":0,"parent":0,"menu_order":0,"comment_status":"closed","ping_status":"closed","template":"elementor_header_footer","meta":{"footnotes":""},"class_list":["post-6969","page","type-page","status-publish","hentry"],"_links":{"self":[{"href":"https:\/\/omalimedicaldistributor.com\/index.php?rest_route=\/wp\/v2\/pages\/6969","targetHints":{"allow":["GET"]}}],"collection":[{"href":"https:\/\/omalimedicaldistributor.com\/index.php?rest_route=\/wp\/v2\/pages"}],"about":[{"href":"https:\/\/omalimedicaldistributor.com\/index.php?rest_route=\/wp\/v2\/types\/page"}],"author":[{"embeddable":true,"href":"https:\/\/omalimedicaldistributor.com\/index.php?rest_route=\/wp\/v2\/users\/1"}],"replies":[{"embeddable":true,"href":"https:\/\/omalimedicaldistributor.com\/index.php?rest_route=%2Fwp%2Fv2%2Fcomments&post=6969"}],"version-history":[{"count":28,"href":"https:\/\/omalimedicaldistributor.com\/index.php?rest_route=\/wp\/v2\/pages\/6969\/revisions"}],"predecessor-version":[{"id":7661,"href":"https:\/\/omalimedicaldistributor.com\/index.php?rest_route=\/wp\/v2\/pages\/6969\/revisions\/7661"}],"wp:attachment":[{"href":"https:\/\/omalimedicaldistributor.com\/index.php?rest_route=%2Fwp%2Fv2%2Fmedia&parent=6969"}],"curies":[{"name":"wp","href":"https:\/\/api.w.org\/{rel}","templated":true}]}}